{"id":11,"date":"2015-01-10T23:12:00","date_gmt":"2015-01-10T23:12:00","guid":{"rendered":"http:\/\/new.ski-kozinec.sk\/?page_id=11"},"modified":"2023-01-31T20:10:19","modified_gmt":"2023-01-31T20:10:19","slug":"cennik","status":"publish","type":"page","link":"http:\/\/www.ski-kozinec.sk\/?page_id=11","title":{"rendered":"Cenn\u00edk"},"content":{"rendered":"Otv\u00e1racia doba: <strong>10:00 - 15:00<\/strong><br>\r\n<br>\r\nCelodenn\u00fd dospel\u00fd l\u00edstok: <strong>20,00\u20ac<\/strong><br>\r\nDetsk\u00fd celodenn\u00fd l\u00edstok: <strong>15,00\u20ac<\/strong><br>\n","protected":false},"excerpt":{"rendered":"","protected":false},"author":1,"featured_media":0,"parent":0,"menu_order":0,"comment_status":"closed","ping_status":"closed","template":"","meta":{"footnotes":""},"class_list":["post-11","page","type-page","status-publish","hentry"],"_links":{"self":[{"href":"http:\/\/www.ski-kozinec.sk\/index.php?rest_route=\/wp\/v2\/pages\/11","targetHints":{"allow":["GET"]}}],"collection":[{"href":"http:\/\/www.ski-kozinec.sk\/index.php?rest_route=\/wp\/v2\/pages"}],"about":[{"href":"http:\/\/www.ski-kozinec.sk\/index.php?rest_route=\/wp\/v2\/types\/page"}],"author":[{"embeddable":true,"href":"http:\/\/www.ski-kozinec.sk\/index.php?rest_route=\/wp\/v2\/users\/1"}],"replies":[{"embeddable":true,"href":"http:\/\/www.ski-kozinec.sk\/index.php?rest_route=%2Fwp%2Fv2%2Fcomments&post=11"}],"version-history":[{"count":7,"href":"http:\/\/www.ski-kozinec.sk\/index.php?rest_route=\/wp\/v2\/pages\/11\/revisions"}],"predecessor-version":[{"id":198,"href":"http:\/\/www.ski-kozinec.sk\/index.php?rest_route=\/wp\/v2\/pages\/11\/revisions\/198"}],"wp:attachment":[{"href":"http:\/\/www.ski-kozinec.sk\/index.php?rest_route=%2Fwp%2Fv2%2Fmedia&parent=11"}],"curies":[{"name":"wp","href":"https:\/\/api.w.org\/{rel}","templated":true}]}}