{"id":2,"date":"2015-01-10T22:46:08","date_gmt":"2015-01-10T22:46:08","guid":{"rendered":"http:\/\/new.ski-kozinec.sk\/?page_id=2"},"modified":"2016-02-11T10:09:38","modified_gmt":"2016-02-11T10:09:38","slug":"ukazka-strany","status":"publish","type":"page","link":"http:\/\/www.ski-kozinec.sk\/?page_id=2","title":{"rendered":"Ski centrum Kozinec"},"content":{"rendered":"<p>Ly\u017eiarsky are\u00e1l Ski centrum Kozinec Z\u00e1zriv\u00e1, n\u00e1jdete v osade Havrania. Pr\u00edjazd je 3km z centra obce Z\u00e1zriv\u00e1, parkovisko je pod svahom.<\/p>\n<p>Z\u00e1zriv\u00e1 je vzdialen\u00e1 40 km od \u017diliny, Martina, alebo Ru\u017eomberka, 20 km od Doln\u00e9ho Kub\u00edna, 10 km od Terchovej.<br \/>\nPriamo v are\u00e1li Skicentra je mo\u017en\u00e9 ubytovanie v Drevenici Kozinec.<\/p>\n<p>&nbsp;<\/p>\n","protected":false},"excerpt":{"rendered":"<p>Ly\u017eiarsky are\u00e1l Ski centrum Kozinec Z\u00e1zriv\u00e1, n\u00e1jdete v osade Havrania. Pr\u00edjazd je 3km z centra obce Z\u00e1zriv\u00e1, parkovisko je pod svahom. Z\u00e1zriv\u00e1 je vzdialen\u00e1 40 km od \u017diliny, Martina, alebo <a class=\"more-link\" href=\"http:\/\/www.ski-kozinec.sk\/?page_id=2\">Continue Reading \u2192<\/a><\/p>\n","protected":false},"author":1,"featured_media":0,"parent":0,"menu_order":0,"comment_status":"open","ping_status":"open","template":"","meta":{"footnotes":""},"class_list":["post-2","page","type-page","status-publish","hentry"],"_links":{"self":[{"href":"http:\/\/www.ski-kozinec.sk\/index.php?rest_route=\/wp\/v2\/pages\/2","targetHints":{"allow":["GET"]}}],"collection":[{"href":"http:\/\/www.ski-kozinec.sk\/index.php?rest_route=\/wp\/v2\/pages"}],"about":[{"href":"http:\/\/www.ski-kozinec.sk\/index.php?rest_route=\/wp\/v2\/types\/page"}],"author":[{"embeddable":true,"href":"http:\/\/www.ski-kozinec.sk\/index.php?rest_route=\/wp\/v2\/users\/1"}],"replies":[{"embeddable":true,"href":"http:\/\/www.ski-kozinec.sk\/index.php?rest_route=%2Fwp%2Fv2%2Fcomments&post=2"}],"version-history":[{"count":7,"href":"http:\/\/www.ski-kozinec.sk\/index.php?rest_route=\/wp\/v2\/pages\/2\/revisions"}],"predecessor-version":[{"id":87,"href":"http:\/\/www.ski-kozinec.sk\/index.php?rest_route=\/wp\/v2\/pages\/2\/revisions\/87"}],"wp:attachment":[{"href":"http:\/\/www.ski-kozinec.sk\/index.php?rest_route=%2Fwp%2Fv2%2Fmedia&parent=2"}],"curies":[{"name":"wp","href":"https:\/\/api.w.org\/{rel}","templated":true}]}}